{"id":2334,"date":"2020-01-08T16:59:26","date_gmt":"2020-01-08T16:59:26","guid":{"rendered":"https:\/\/www.crosspoint.es\/?page_id=2334"},"modified":"2020-01-08T16:59:49","modified_gmt":"2020-01-08T16:59:49","slug":"junger","status":"publish","type":"page","link":"https:\/\/www.crosspoint.es\/en\/junger\/","title":{"rendered":"J\u00fcnger"},"content":{"rendered":"<section class=\"kc-elm kc-css-541414 kc_row\"><div class=\"kc-row-container  kc-container  services-single-section\"><div class=\"kc-wrap-columns\"><div class=\"kc-elm kc-css-48677 kc_col-sm-3 kc_column kc_col-sm-3\"><div class=\"sidebar kc-col-container\"><div class=\"kc-elm kc-css-3868 widget-area kc-wp-sidebar\"><div id=\"nav_menu-4\" class=\"column services-widget sidebar-widget-two widget_nav_menu\"><div class=\"menu-marcas-ingles-container\"><ul id=\"menu-marcas-ingles\" class=\"menu\"><li id=\"menu-item-2367\" class=\"menu-item menu-item-type-post_type menu-item-object-page menu-item-2367\"><a href=\"https:\/\/www.crosspoint.es\/en\/grass-valley\/\">Grass Valley<\/a><\/li>\n<li id=\"menu-item-2368\" class=\"menu-item menu-item-type-post_type menu-item-object-page menu-item-2368\"><a href=\"https:\/\/www.crosspoint.es\/en\/riedel\/\">Riedel<\/a><\/li>\n<li id=\"menu-item-2853\" class=\"menu-item menu-item-type-post_type menu-item-object-page menu-item-2853\"><a href=\"https:\/\/www.crosspoint.es\/en\/crosspoint\/\">Crosspoint<\/a><\/li>\n<li id=\"menu-item-3190\" class=\"menu-item menu-item-type-post_type menu-item-object-page menu-item-3190\"><a href=\"https:\/\/www.crosspoint.es\/en\/ross-video\/\">Ross Video<\/a><\/li>\n<li id=\"menu-item-2955\" class=\"menu-item menu-item-type-post_type menu-item-object-page menu-item-2955\"><a href=\"https:\/\/www.crosspoint.es\/en\/haivision\/\">Haivision<\/a><\/li>\n<li id=\"menu-item-2370\" class=\"menu-item menu-item-type-post_type menu-item-object-page menu-item-2370\"><a href=\"https:\/\/www.crosspoint.es\/en\/bfe\/\">BFE<\/a><\/li>\n<li id=\"menu-item-3192\" class=\"menu-item menu-item-type-post_type menu-item-object-page menu-item-3192\"><a href=\"https:\/\/www.crosspoint.es\/en\/arkona\/\">Arkona<\/a><\/li>\n<li id=\"menu-item-3191\" class=\"menu-item menu-item-type-post_type menu-item-object-page menu-item-3191\"><a href=\"https:\/\/www.crosspoint.es\/en\/canon\/\">Canon<\/a><\/li>\n<li id=\"menu-item-2371\" class=\"menu-item menu-item-type-post_type menu-item-object-page menu-item-2371\"><a href=\"https:\/\/www.crosspoint.es\/en\/mediaexcel\/\">Mediaexcel<\/a><\/li>\n<li id=\"menu-item-2372\" class=\"menu-item menu-item-type-post_type menu-item-object-page menu-item-2372\"><a href=\"https:\/\/www.crosspoint.es\/en\/junger\/\">J\u00fcnger<\/a><\/li>\n<li id=\"menu-item-2375\" class=\"menu-item menu-item-type-post_type menu-item-object-page menu-item-2375\"><a href=\"https:\/\/www.crosspoint.es\/en\/digigram\/\">Digigram<\/a><\/li>\n<li id=\"menu-item-3277\" class=\"menu-item menu-item-type-post_type menu-item-object-page menu-item-3277\"><a href=\"https:\/\/www.crosspoint.es\/en\/mrmc\/\">Mark Roberts Motion Control<\/a><\/li>\n<li id=\"menu-item-2378\" class=\"menu-item menu-item-type-post_type menu-item-object-page menu-item-2378\"><a href=\"https:\/\/www.crosspoint.es\/en\/aja-video\/\">Aja Video<\/a><\/li>\n<li id=\"menu-item-2377\" class=\"menu-item menu-item-type-post_type menu-item-object-page menu-item-2377\"><a href=\"https:\/\/www.crosspoint.es\/en\/rascular\/\">Rascular<\/a><\/li>\n<\/ul><\/div><\/div><\/div><\/div><\/div><div class=\"kc-elm kc-css-80989 kc_col-sm-9 kc_column kc_col-sm-9\"><div class=\"content-column kc-col-container\"><div class=\"inner-column\">\n    <h2>J\u00fcnger Audio<\/h2>\n    <div class=\"text\">\n        At J\u00fcnger Audio, we view our customers as partners and believe firmly in the value of long-term relationships. Our products represent the most technologically advanced digital audio processors in the market, yet remain extremely intuitive and simple to use.\r\n<br>\r\nSince our foundation in Berlin in 1990, we have continued to build a strong reputation for supplying the highest quality solutions to the world\u2019s leading TV and radio broadcasters, IPTV providers, music recording studios and post-production facilities.        <!--Two Column-->\n        <div class=\"two-column style-two row clearfix\">\n        \t            <!--Content Column-->\n            <div class=\"inner-content-column col-md-7 col-sm-7 col-xs-12\">\n                <div class=\"column-inner\">\n                    <h3>Experiencia<\/h3>\n                    <p>Because we too are audio engineers, we understand the constant challenge you face of producing and delivering audio of maximum fidelity, whilst maintaining efficiency and cost effectiveness. To help you decide which J\u00fcnger product is right for you, we are always happy to supply demonstration units for evaluation. Or alternatively, why not provide us with a sample of your audio along with a description of your requirements, and we will process and return it to you?\r\n<br>\r\n<br>\r\nWith 25 years of experience, our product development has always been focused on designing customer driven solutions that offer high performance along with dependable reliability for the most demanding professional audio applications.\r\nWhen audio matters, put your trust in J\u00fcnger\u2026   \r\n<br><br>\r\n<b>More info:<\/b> <a href=\"http:\/\/www.junger-audio.com\" target=\"_blank\">www.junger-audio.com<\/a> <\/p>\n                    <ul class=\"list-style-ten\">\n                        \t\t\t\t\t\t<li><\/li>\n\t\t\t\t\t\t                    <\/ul>\n                <\/div>\n            <\/div>\n            <div class=\"image-column col-md-5 col-sm-5 col-xs-12\">\n                <div class=\"image\">\n                    <img decoding=\"async\" src=\"https:\/\/crosspoint.es\/wp-content\/uploads\/2019\/12\/junger.jpg\" alt=\"Awesome Image\" \/>\n                <\/div>\n            <\/div>\n                    <\/div>\n        \n        <h4><\/h4>\n                \n                <div class=\"row clearfix\">\n            <div class=\"column col-md-3 col-sm-12 col-xs-12\">\n                <h2 class=\"cap\"><\/h2>\n            <\/div>\n            <div class=\"column col-md-9 col-sm-12 col-xs-12\">\n                            <\/div>\n        <\/div>\n            <\/div>\n<\/div>\n\n\t<div class=\"kc-elm kc-css-971454 kc_shortcode kc_video_play kc_video_wrapper\" data-video=\"https:\/\/youtu.be\/vFwQwuR407Y\" data-width=\"600\" data-height=\"338.98305084746\" data-fullwidth=\"\" data-autoplay=\"\" data-loop=\"yes\" data-control=\"yes\" data-related=\"\" data-showinfo=\"\" data-kc-video-mute=\"\">\n\t\t\t<\/div>\n\n<\/div><\/div><\/div><\/div><\/section>\n","protected":false},"excerpt":{"rendered":"","protected":false},"author":2,"featured_media":0,"parent":0,"menu_order":0,"comment_status":"closed","ping_status":"closed","template":"tpl-king_composer.php","meta":{"footnotes":""},"yoast_head":"<!-- This site is optimized with the Yoast SEO plugin v23.0 - https:\/\/yoast.com\/wordpress\/plugins\/seo\/ -->\n<title>J\u00fcnger - Crosspoint<\/title>\n<meta name=\"robots\" content=\"index, follow, max-snippet:-1, max-image-preview:large, max-video-preview:-1\" \/>\n<link rel=\"canonical\" href=\"https:\/\/www.crosspoint.es\/en\/junger\/\" \/>\n<meta property=\"og:locale\" content=\"en_US\" \/>\n<meta property=\"og:type\" content=\"article\" \/>\n<meta property=\"og:title\" content=\"J\u00fcnger - Crosspoint\" \/>\n<meta property=\"og:description\" content=\"Company Overview Company History Careers Our Partners Testimonials J\u00fcnger Audio At J\u00fcnger Audio, we view our customers as partners and believe firmly in the value of long-term relationships. Our products represent the most technologically advanced digital audio processors in the market, yet remain extremely intuitive and simple to use. Since our foundation in Berlin in\" \/>\n<meta property=\"og:url\" content=\"https:\/\/www.crosspoint.es\/en\/junger\/\" \/>\n<meta property=\"og:site_name\" content=\"Crosspoint\" \/>\n<meta property=\"article:modified_time\" content=\"2020-01-08T16:59:49+00:00\" \/>\n<meta property=\"og:image\" content=\"https:\/\/www.crosspoint.es\/wp-content\/uploads\/2019\/12\/junger.jpg\" \/>\n<meta name=\"twitter:card\" content=\"summary_large_image\" \/>\n<meta name=\"twitter:label1\" content=\"Est. reading time\" \/>\n\t<meta name=\"twitter:data1\" content=\"1 minute\" \/>\n<script type=\"application\/ld+json\" class=\"yoast-schema-graph\">{\"@context\":\"https:\/\/schema.org\",\"@graph\":[{\"@type\":\"WebPage\",\"@id\":\"https:\/\/www.crosspoint.es\/en\/junger\/\",\"url\":\"https:\/\/www.crosspoint.es\/en\/junger\/\",\"name\":\"J\u00fcnger - Crosspoint\",\"isPartOf\":{\"@id\":\"https:\/\/www.crosspoint.es\/#website\"},\"primaryImageOfPage\":{\"@id\":\"https:\/\/www.crosspoint.es\/en\/junger\/#primaryimage\"},\"image\":{\"@id\":\"https:\/\/www.crosspoint.es\/en\/junger\/#primaryimage\"},\"thumbnailUrl\":\"https:\/\/www.crosspoint.es\/wp-content\/uploads\/2019\/12\/junger.jpg\",\"datePublished\":\"2020-01-08T16:59:26+00:00\",\"dateModified\":\"2020-01-08T16:59:49+00:00\",\"breadcrumb\":{\"@id\":\"https:\/\/www.crosspoint.es\/en\/junger\/#breadcrumb\"},\"inLanguage\":\"en-US\",\"potentialAction\":[{\"@type\":\"ReadAction\",\"target\":[\"https:\/\/www.crosspoint.es\/en\/junger\/\"]}]},{\"@type\":\"ImageObject\",\"inLanguage\":\"en-US\",\"@id\":\"https:\/\/www.crosspoint.es\/en\/junger\/#primaryimage\",\"url\":\"https:\/\/www.crosspoint.es\/wp-content\/uploads\/2019\/12\/junger.jpg\",\"contentUrl\":\"https:\/\/www.crosspoint.es\/wp-content\/uploads\/2019\/12\/junger.jpg\"},{\"@type\":\"BreadcrumbList\",\"@id\":\"https:\/\/www.crosspoint.es\/en\/junger\/#breadcrumb\",\"itemListElement\":[{\"@type\":\"ListItem\",\"position\":1,\"name\":\"Portada\",\"item\":\"https:\/\/www.crosspoint.es\/en\/\"},{\"@type\":\"ListItem\",\"position\":2,\"name\":\"J\u00fcnger\"}]},{\"@type\":\"WebSite\",\"@id\":\"https:\/\/www.crosspoint.es\/#website\",\"url\":\"https:\/\/www.crosspoint.es\/\",\"name\":\"Crosspoint\",\"description\":\"Soluciones tecnol\u00f3gicas a tu medida\",\"potentialAction\":[{\"@type\":\"SearchAction\",\"target\":{\"@type\":\"EntryPoint\",\"urlTemplate\":\"https:\/\/www.crosspoint.es\/?s={search_term_string}\"},\"query-input\":\"required name=search_term_string\"}],\"inLanguage\":\"en-US\"}]}<\/script>\n<!-- \/ Yoast SEO plugin. -->","yoast_head_json":{"title":"J\u00fcnger - Crosspoint","robots":{"index":"index","follow":"follow","max-snippet":"max-snippet:-1","max-image-preview":"max-image-preview:large","max-video-preview":"max-video-preview:-1"},"canonical":"https:\/\/www.crosspoint.es\/en\/junger\/","og_locale":"en_US","og_type":"article","og_title":"J\u00fcnger - Crosspoint","og_description":"Company Overview Company History Careers Our Partners Testimonials J\u00fcnger Audio At J\u00fcnger Audio, we view our customers as partners and believe firmly in the value of long-term relationships. Our products represent the most technologically advanced digital audio processors in the market, yet remain extremely intuitive and simple to use. Since our foundation in Berlin in","og_url":"https:\/\/www.crosspoint.es\/en\/junger\/","og_site_name":"Crosspoint","article_modified_time":"2020-01-08T16:59:49+00:00","og_image":[{"url":"https:\/\/www.crosspoint.es\/wp-content\/uploads\/2019\/12\/junger.jpg"}],"twitter_card":"summary_large_image","twitter_misc":{"Est. reading time":"1 minute"},"schema":{"@context":"https:\/\/schema.org","@graph":[{"@type":"WebPage","@id":"https:\/\/www.crosspoint.es\/en\/junger\/","url":"https:\/\/www.crosspoint.es\/en\/junger\/","name":"J\u00fcnger - Crosspoint","isPartOf":{"@id":"https:\/\/www.crosspoint.es\/#website"},"primaryImageOfPage":{"@id":"https:\/\/www.crosspoint.es\/en\/junger\/#primaryimage"},"image":{"@id":"https:\/\/www.crosspoint.es\/en\/junger\/#primaryimage"},"thumbnailUrl":"https:\/\/www.crosspoint.es\/wp-content\/uploads\/2019\/12\/junger.jpg","datePublished":"2020-01-08T16:59:26+00:00","dateModified":"2020-01-08T16:59:49+00:00","breadcrumb":{"@id":"https:\/\/www.crosspoint.es\/en\/junger\/#breadcrumb"},"inLanguage":"en-US","potentialAction":[{"@type":"ReadAction","target":["https:\/\/www.crosspoint.es\/en\/junger\/"]}]},{"@type":"ImageObject","inLanguage":"en-US","@id":"https:\/\/www.crosspoint.es\/en\/junger\/#primaryimage","url":"https:\/\/www.crosspoint.es\/wp-content\/uploads\/2019\/12\/junger.jpg","contentUrl":"https:\/\/www.crosspoint.es\/wp-content\/uploads\/2019\/12\/junger.jpg"},{"@type":"BreadcrumbList","@id":"https:\/\/www.crosspoint.es\/en\/junger\/#breadcrumb","itemListElement":[{"@type":"ListItem","position":1,"name":"Portada","item":"https:\/\/www.crosspoint.es\/en\/"},{"@type":"ListItem","position":2,"name":"J\u00fcnger"}]},{"@type":"WebSite","@id":"https:\/\/www.crosspoint.es\/#website","url":"https:\/\/www.crosspoint.es\/","name":"Crosspoint","description":"Soluciones tecnol\u00f3gicas a tu medida","potentialAction":[{"@type":"SearchAction","target":{"@type":"EntryPoint","urlTemplate":"https:\/\/www.crosspoint.es\/?s={search_term_string}"},"query-input":"required name=search_term_string"}],"inLanguage":"en-US"}]}},"_links":{"self":[{"href":"https:\/\/www.crosspoint.es\/en\/wp-json\/wp\/v2\/pages\/2334"}],"collection":[{"href":"https:\/\/www.crosspoint.es\/en\/wp-json\/wp\/v2\/pages"}],"about":[{"href":"https:\/\/www.crosspoint.es\/en\/wp-json\/wp\/v2\/types\/page"}],"author":[{"embeddable":true,"href":"https:\/\/www.crosspoint.es\/en\/wp-json\/wp\/v2\/users\/2"}],"replies":[{"embeddable":true,"href":"https:\/\/www.crosspoint.es\/en\/wp-json\/wp\/v2\/comments?post=2334"}],"version-history":[{"count":3,"href":"https:\/\/www.crosspoint.es\/en\/wp-json\/wp\/v2\/pages\/2334\/revisions"}],"predecessor-version":[{"id":2338,"href":"https:\/\/www.crosspoint.es\/en\/wp-json\/wp\/v2\/pages\/2334\/revisions\/2338"}],"wp:attachment":[{"href":"https:\/\/www.crosspoint.es\/en\/wp-json\/wp\/v2\/media?parent=2334"}],"curies":[{"name":"wp","href":"https:\/\/api.w.org\/{rel}","templated":true}]}}